{"id":3558,"date":"2022-01-21T13:48:56","date_gmt":"2022-01-21T16:48:56","guid":{"rendered":"https:\/\/www.angelbofficial.com\/default-redirect-page\/"},"modified":"2023-11-30T14:42:29","modified_gmt":"2023-11-30T17:42:29","slug":"close-friends","status":"publish","type":"page","link":"https:\/\/angelbofficial.com\/pt\/close-friends\/","title":{"rendered":"Close Friends"},"content":{"rendered":"<section class=\"section sec_music sec_shadow dark\" id=\"section_832341638\">\n\t\t<div class=\"section-bg fill\" >\n\t\t\t\t\t\t\t\t\t\n\t\t\t\n\n\t\t<\/div>\n\n\t\t\n\n\t\t<div class=\"section-content relative\">\n\t\t\t\n\n<div class=\"row row-large\"  id=\"row-352366937\">\n\n\n\t<div id=\"col-1197612059\" class=\"col medium-6 small-12 large-6\"  data-animate=\"fadeInLeft\">\n\t\t\t\t<div class=\"col-inner\"  >\n\t\t\t\n\t\t\t\n\n\t<div id=\"text-3530436600\" class=\"text\">\n\t\t\n\n<h1 class=\"thin-font\">Close Friends<\/h1>\n\t\t\n<style>\n#text-3530436600 {\n  font-size: 1.85rem;\n  text-align: left;\n}\n@media (min-width:550px) {\n  #text-3530436600 {\n    font-size: 2.2rem;\n  }\n}\n<\/style>\n\t<\/div>\n\t\n\t<div id=\"text-311774638\" class=\"text\">\n\t\t\n\n<p>Fa\u00e7a parte do meu Ex\u00e9rcito de Anjos e tenha acesso a conte\u00fados EXCLUSIVOS e muito mais, s\u00f3 aqui no meu espa\u00e7o Close Friends. <\/p>\n\t\t\n<style>\n#text-311774638 {\n  text-align: left;\n}\n<\/style>\n\t<\/div>\n\t\n\n\t\t<\/div>\n\t\t\t\t\t<\/div>\n\n\t\n\n\t<div id=\"col-95779314\" class=\"col medium-6 small-12 large-6\"  data-animate=\"fadeInRight\">\n\t\t\t\t<div class=\"col-inner\" style=\"background-color:rgba(255, 255, 255, 0.128);\" >\n\t\t\t\n\t\t\t\n\n\n\t\t<div class=\"icon-box featured-box icon-box-left text-left\"  style=\"margin:0px 0px 27px 0px;\">\n\t\t\t\t\t<div class=\"icon-box-img has-icon-bg\" style=\"width: 37px\">\n\t\t\t\t<div class=\"icon\">\n\t\t\t\t\t<div class=\"icon-inner\" style=\"border-width:1px;color:rgb(255, 255, 255);\">\n\t\t\t\t\t\t<?xml version=\"1.0\" encoding=\"iso-8859-1\"?>\n<!-- Generator: Adobe Illustrator 23.1.1, SVG Export Plug-In . SVG Version: 6.00 Build 0)  -->\n<svg version=\"1.1\" id=\"LIne-Expand\" xmlns=\"http:\/\/www.w3.org\/2000\/svg\" xmlns:xlink=\"http:\/\/www.w3.org\/1999\/xlink\" x=\"0px\"\n\t y=\"0px\" viewbox=\"0 0 64 64\" style=\"enable-background:new 0 0 64 64;\" xml:space=\"preserve\">\n<path d=\"M50,36V24c0-0.552-0.448-1-1-1h-2v-1C47,9.869,37.131,0,25,0S3,9.869,3,22v1H1c-0.552,0-1,0.448-1,1v30c0,0.552,0.448,1,1,1\th35.939c2.019,5.254,7.104,9,13.061,9c7.72,0,14-6.28,14-14S57.72,36,50,36z M5,22C5,10.972,13.972,2,25,2s20,8.972,20,20v1h-5v-1\tc0-8.271-6.729-15-15-15s-15,6.729-15,15v1H5V22z M38,23H12v-1c0-7.168,5.832-13,13-13s13,5.832,13,13V23z M2,53V25h46v11.16\tC41.227,37.135,36,42.961,36,50c0,1.03,0.12,2.032,0.332,3H2z M50,62c-6.617,0-12-5.383-12-12s5.383-12,12-12s12,5.383,12,12\tS56.617,62,50,62z\"\/>\n<path d=\"M56.447,46.105l-6-3c-0.281-0.141-0.613-0.141-0.895,0l-6,3C43.214,46.275,43,46.621,43,47v6\tc0,0.379,0.214,0.725,0.553,0.895l6,3C49.693,56.965,49.847,57,50,57s0.307-0.035,0.447-0.105l6-3C56.786,53.725,57,53.379,57,53v-6\tC57,46.621,56.786,46.275,56.447,46.105z M55,52.382l-5,2.5l-5-2.5v-4.764l5-2.5l5,2.5V52.382z\"\/>\n<path d=\"M28.108,31.083c-1.204-0.955-2.768-1.299-4.293-0.945c-1.789,0.415-3.227,1.836-3.663,3.621\tc-0.488,1.995,0.249,4.022,1.848,5.222V45c0,1.654,1.346,3,3,3s3-1.346,3-3v-6.021c1.246-0.939,2-2.416,2-3.979\tC30,33.466,29.31,32.038,28.108,31.083z M26.497,37.581C26.189,37.76,26,38.089,26,38.445V45c0,0.551-0.449,1-1,1s-1-0.449-1-1\tv-6.555c0-0.356-0.189-0.685-0.497-0.864c-1.184-0.689-1.737-2.003-1.409-3.347c0.255-1.042,1.128-1.906,2.173-2.148\tC24.516,32.028,24.763,32,25.006,32c0.677,0,1.318,0.221,1.857,0.65C27.586,33.223,28,34.08,28,35\tC28,36.068,27.438,37.033,26.497,37.581z\"\/>\n<rect x=\"4\" y=\"49\" width=\"2\" height=\"2\"\/>\n<rect x=\"8\" y=\"49\" width=\"2\" height=\"2\"\/>\n<rect x=\"12\" y=\"49\" width=\"2\" height=\"2\"\/>\n<\/svg>\n\t\t\t\t\t<\/div>\n\t\t\t\t<\/div>\n\t\t\t<\/div>\n\t\t\t\t<div class=\"icon-box-text last-reset\">\n\t\t\t\t\t\t\t\t\t\n\n\t<div id=\"gap-1481911851\" class=\"gap-element clearfix\" style=\"display:block; height:auto;\">\n\t\t\n<style>\n#gap-1481911851 {\n  padding-top: 5px;\n}\n<\/style>\n\t<\/div>\n\t\n\n\t<div id=\"text-2230351500\" class=\"text uppercase\">\n\t\t\n\nCONTE\u00daDO EXCLUSIVO\n\t\t\n<style>\n#text-2230351500 {\n  font-size: 0.75rem;\n}\n<\/style>\n\t<\/div>\n\t\n\n\t\t<\/div>\n\t<\/div>\n\t\n\t\n\n\t\t<div class=\"icon-box featured-box icon-box-left text-left\"  style=\"margin:0px 0px 27px 0px;\">\n\t\t\t\t\t<div class=\"icon-box-img has-icon-bg\" style=\"width: 37px\">\n\t\t\t\t<div class=\"icon\">\n\t\t\t\t\t<div class=\"icon-inner\" style=\"border-width:1px;color:rgb(255, 255, 255);\">\n\t\t\t\t\t\t<?xml version=\"1.0\" encoding=\"utf-8\"?>\r\n<!-- Generator: Adobe Illustrator 23.0.3, SVG Export Plug-In . SVG Version: 6.00 Build 0)  -->\r\n<svg version=\"1.1\" id=\"Capa_1\" xmlns=\"http:\/\/www.w3.org\/2000\/svg\" xmlns:xlink=\"http:\/\/www.w3.org\/1999\/xlink\" x=\"0px\" y=\"0px\"\r\n\t viewbox=\"0 0 187 187\" style=\"enable-background:new 0 0 187 187;\" xml:space=\"preserve\">\r\n<style type=\"text\/css\">\r\n\t.st0{fill:#010101;}\r\n\t.st1{fill:#030303;}\r\n\t.st2{fill:#4CB5AB;}\r\n\t.st3{fill:#FF5454;}\r\n<\/style>\r\n<g>\r\n\t<path d=\"M129.4,69.5c0.2-1.9-0.7-3.3-2.3-4c-2.6-1.3-4.7,0-6.5,1.9c-15.2,15.3-30.5,30.5-45.7,45.8c-2.2,2.2-3.9,4.7-1.3,7.5\t\tc2.9,3.1,5.5,1.3,7.9-1.1c15.1-15.1,30.2-30.2,45.3-45.3C128,72.8,129.4,71.5,129.4,69.5z\"\/>\r\n\t<path d=\"M82,88.9c7.6,0.5,13.9-5.2,14.3-12.8c0.4-7.5-5.5-13.9-12.9-14.3c-7.1-0.4-13.9,5.9-14.2,13.3C68.9,82.1,74.7,88.4,82,88.9\t\tz M82.5,71c2.9-0.1,4.7,1.3,4.8,4.3c0.1,2.9-1.6,4.4-4.3,4.7c-3-0.2-4.6-1.8-4.6-4.7C78.4,72.7,79.9,71.1,82.5,71z\"\/>\r\n\t<path d=\"M177.1,88.1c-3.7-3.6-7-7.5-10.8-11c-2.6-2.5-3.7-4.8-2.9-8.6c1.2-5.4,1.6-11,2.4-17.1c0.3-3.9-1-5.8-5.5-6.8\t\tc-3-0.7-6.1-1.6-9.1-1.6c-9.2,0.1-14.8-4.2-17.8-12.8c-1-2.9-2.8-5.5-4.2-8.2c-2.1-3.9-5.1-5-9.3-2.9c-4.9,2.5-10,4.8-14.9,7.4\t\tc-2.8,1.5-5.2,1.6-8,0.1c-4.9-2.7-10-4.9-14.9-7.4c-4.4-2.3-7.5-1-9.6,3.2c-0.8,1.5-1.8,2.8-2.3,4.4c-3.6,10.8-10.6,15.9-22.3,17\t\tC34.7,45,34.8,46,36.8,59.1c0,0.2,0,0.4,0.1,0.6c3.2,9.3,0.7,16.3-6.8,23.1C19,92.9,19,94,30.2,104.2c7,6.4,9.2,12.7,7.2,22\t\tc-3.2,15.1-2.9,16,12.3,17.6c10.1,1,15.4,5.4,19.5,14.4c5.9,13.1,6.9,13.4,19.5,6.2c8.6-4.9,15.6-5.1,24.3-0.1\t\tc12.8,7.3,13.7,7,19.9-6.5c4-8.8,9.3-12.9,19.1-13.9c15.2-1.6,15.5-2.4,12.3-18c-1.7-8.4-0.9-15.1,6.4-20.4\t\tc2.5-1.8,4.3-4.4,6.5-6.6C180.9,95.1,180.7,91.7,177.1,88.1z M163.1,97c-11.1,7.7-13.9,18-9.8,30.5c1.1,3.4,0.1,5.3-3.4,5.2\t\tc-13.8-0.2-22.7,6.3-26.8,19.5c-0.9,3-2.7,4-5.5,1.9c-0.3-0.2-0.8-0.3-1.1-0.5c-10.5-7.8-20.9-7.8-31.4,0.1\t\tc-3.2,2.4-5.6,1.8-6.7-2.2c-0.1-0.2-0.3-0.3-0.3-0.5c-3.9-12.3-12.3-18.2-25.1-18c-4.4,0.1-5.7-2-4.3-6.2c3.9-12.1,0.9-22-9.7-29.4\t\tc-3.5-2.5-3.7-5-0.1-7.5c10.7-7.6,13.8-17.7,9.7-30C47,55.3,49.1,54,52.8,54c13.2,0.2,21.5-6.2,25.5-18.5c1.2-3.8,3.3-4.9,6.7-2.4\t\tc0.2,0.1,0.4,0.2,0.5,0.3c10.3,7.8,20.6,7.5,30.8-0.1c3.4-2.5,5.8-2,7.2,2.3c4,12.4,12.5,18.5,25.6,18.4c2.1,0,5.5-0.2,4.4,4\t\tc-0.1,0.4-0.2,0.8-0.3,1.2c-3.9,12.5-1.4,22.9,9.8,30.6C166.2,92.1,166.5,94.6,163.1,97z\"\/>\r\n\t<path d=\"M119.6,98c-7.6-0.4-13.9,5.4-14.2,12.9c-0.3,7.4,5.7,13.9,13.1,14.2c7.1,0.3,13.9-6.1,14.1-13.4\t\tC132.7,104.7,126.8,98.4,119.6,98z M119.2,115.9c-2.8,0.1-4.6-1.3-4.8-4.3c-0.1-3,1.8-4.2,3.9-4.7c3.4,0.3,5,1.8,5,4.7\t\tC123.3,114.2,121.8,115.8,119.2,115.9z\"\/>\r\n<\/g>\r\n<\/svg>\r\n\t\t\t\t\t<\/div>\n\t\t\t\t<\/div>\n\t\t\t<\/div>\n\t\t\t\t<div class=\"icon-box-text last-reset\">\n\t\t\t\t\t\t\t\t\t\n\n\t<div id=\"gap-555006616\" class=\"gap-element clearfix\" style=\"display:block; height:auto;\">\n\t\t\n<style>\n#gap-555006616 {\n  padding-top: 5px;\n}\n<\/style>\n\t<\/div>\n\t\n\n\t<div id=\"text-3122919770\" class=\"text uppercase\">\n\t\t\n\nDESCONTOS EXCLUSIVOS\n\t\t\n<style>\n#text-3122919770 {\n  font-size: 0.75rem;\n}\n<\/style>\n\t<\/div>\n\t\n\n\t\t<\/div>\n\t<\/div>\n\t\n\t\n\n\t\t<div class=\"icon-box featured-box icon-box-left text-left\"  style=\"margin:0px 0px 27px 0px;\">\n\t\t\t\t\t<div class=\"icon-box-img has-icon-bg\" style=\"width: 37px\">\n\t\t\t\t<div class=\"icon\">\n\t\t\t\t\t<div class=\"icon-inner\" style=\"border-width:1px;color:rgb(255, 255, 255);\">\n\t\t\t\t\t\t<?xml version=\"1.0\" encoding=\"iso-8859-1\"?>\n<!-- Generator: Adobe Illustrator 23.1.1, SVG Export Plug-In . SVG Version: 6.00 Build 0)  -->\n<svg version=\"1.1\" id=\"_x31_-outline-expand\" xmlns=\"http:\/\/www.w3.org\/2000\/svg\" xmlns:xlink=\"http:\/\/www.w3.org\/1999\/xlink\"\n\t x=\"0px\" y=\"0px\" viewbox=\"0 0 64 64\" style=\"enable-background:new 0 0 64 64;\" xml:space=\"preserve\">\n<path d=\"M49,26h13v-2H50V14c0-0.553-0.447-1-1-1c-1.958,0-3.728,0.81-5,2.111V7c0-2.757-2.243-5-5-5H13c-2.757,0-5,2.243-5,5v17.556\tC7.409,24.212,6.732,24,6,24c-2.206,0-4,1.794-4,4c0,1.201,0.542,2.266,1.382,3C2.542,31.734,2,32.799,2,34s0.542,2.266,1.382,3\tC2.542,37.734,2,38.799,2,40s0.542,2.266,1.382,3C2.542,43.734,2,44.799,2,46c0,2.206,1.794,4,4,4c0.732,0,1.409-0.212,2-0.556V57\tc0,2.757,2.243,5,5,5h26c2.757,0,5-2.243,5-5v-7h18v-2H44V20c0-2.415,1.721-4.435,4-4.899V25C48,25.553,48.447,26,49,26z M13,4h26\tc1.654,0,3,1.346,3,3v1H10V7C10,5.346,11.346,4,13,4z M4,28c0-1.103,0.897-2,2-2s2,0.897,2,2s-0.897,2-2,2S4,29.103,4,28z M4,34\tc0-1.103,0.897-2,2-2s2,0.897,2,2s-0.897,2-2,2S4,35.103,4,34z M4,40c0-1.103,0.897-2,2-2s2,0.897,2,2s-0.897,2-2,2S4,41.103,4,40z\t M6,48c-1.103,0-2-0.897-2-2s0.897-2,2-2s2,0.897,2,2S7.103,48,6,48z M39,60H13c-1.654,0-3-1.346-3-3v-1h32v1\tC42,58.654,40.654,60,39,60z M42,54H10V10h32v10V54z\"\/>\n<path d=\"M13,24h10c0.553,0,1-0.447,1-1v-8c0-0.553-0.447-1-1-1H13c-0.553,0-1,0.447-1,1v8C12,23.553,12.447,24,13,24z M14,16h8v6h-8\tV16z\"\/>\n<path d=\"M39,27H29c-0.553,0-1,0.447-1,1v8c0,0.553,0.447,1,1,1h10c0.553,0,1-0.447,1-1v-8C40,27.447,39.553,27,39,27z M38,35h-8v-6\th8V35z\"\/>\n<rect x=\"26\" y=\"14\" width=\"14\" height=\"2\"\/>\n<rect x=\"26\" y=\"18\" width=\"14\" height=\"2\"\/>\n<rect x=\"26\" y=\"22\" width=\"10\" height=\"2\"\/>\n<path d=\"M23,40H13c-0.553,0-1,0.447-1,1v8c0,0.553,0.447,1,1,1h10c0.553,0,1-0.447,1-1v-8C24,40.447,23.553,40,23,40z M22,48h-8v-6\th8V48z\"\/>\n<rect x=\"26\" y=\"40\" width=\"14\" height=\"2\"\/>\n<rect x=\"26\" y=\"44\" width=\"14\" height=\"2\"\/>\n<rect x=\"26\" y=\"48\" width=\"2\" height=\"2\"\/>\n<rect x=\"12\" y=\"27\" width=\"14\" height=\"2\"\/>\n<rect x=\"12\" y=\"31\" width=\"14\" height=\"2\"\/>\n<rect x=\"12\" y=\"35\" width=\"14\" height=\"2\"\/>\n<rect x=\"38\" y=\"22\" width=\"2\" height=\"2\"\/>\n<rect x=\"30\" y=\"48\" width=\"2\" height=\"2\"\/>\n<rect x=\"34\" y=\"48\" width=\"2\" height=\"2\"\/>\n<rect x=\"38\" y=\"48\" width=\"2\" height=\"2\"\/>\n<\/svg>\n\t\t\t\t\t<\/div>\n\t\t\t\t<\/div>\n\t\t\t<\/div>\n\t\t\t\t<div class=\"icon-box-text last-reset\">\n\t\t\t\t\t\t\t\t\t\n\n\t<div id=\"gap-483307046\" class=\"gap-element clearfix\" style=\"display:block; height:auto;\">\n\t\t\n<style>\n#gap-483307046 {\n  padding-top: 5px;\n}\n<\/style>\n\t<\/div>\n\t\n\n\t<div id=\"text-2918020750\" class=\"text uppercase\">\n\t\t\n\nSAIBA AS NOT\u00cdCIAS ANTES DE TODOS\n\t\t\n<style>\n#text-2918020750 {\n  font-size: 0.75rem;\n}\n<\/style>\n\t<\/div>\n\t\n\n\t\t<\/div>\n\t<\/div>\n\t\n\t\n\n\t\t<div class=\"icon-box featured-box icon-box-left text-left\"  style=\"margin:0px 0px 27px 0px;\">\n\t\t\t\t\t<div class=\"icon-box-img has-icon-bg\" style=\"width: 37px\">\n\t\t\t\t<div class=\"icon\">\n\t\t\t\t\t<div class=\"icon-inner\" style=\"border-width:1px;color:rgb(255, 255, 255);\">\n\t\t\t\t\t\t<?xml version=\"1.0\" encoding=\"utf-8\"?>\r\n<!-- Generator: Adobe Illustrator 23.0.3, SVG Export Plug-In . SVG Version: 6.00 Build 0)  -->\r\n<svg version=\"1.1\" id=\"Icons\" xmlns=\"http:\/\/www.w3.org\/2000\/svg\" xmlns:xlink=\"http:\/\/www.w3.org\/1999\/xlink\" x=\"0px\" y=\"0px\"\r\n\t viewbox=\"0 0 32 32\" style=\"enable-background:new 0 0 32 32;\" xml:space=\"preserve\">\r\n<g>\r\n\t<path d=\"M4,13c-0.6,0-1,0.4-1,1v4c0,0.6,0.4,1,1,1s1-0.4,1-1v-4C5,13.4,4.6,13,4,13z\"\/>\r\n\t<path d=\"M8,11c-0.6,0-1,0.4-1,1v8c0,0.6,0.4,1,1,1s1-0.4,1-1v-8C9,11.4,8.6,11,8,11z\"\/>\r\n\t<path d=\"M12,6c-0.6,0-1,0.4-1,1v18c0,0.6,0.4,1,1,1s1-0.4,1-1V7C13,6.4,12.6,6,12,6z\"\/>\r\n\t<path d=\"M16,13c-0.6,0-1,0.4-1,1v4c0,0.6,0.4,1,1,1s1-0.4,1-1v-4C17,13.4,16.6,13,16,13z\"\/>\r\n\t<path d=\"M20,9c-0.6,0-1,0.4-1,1v12c0,0.6,0.4,1,1,1s1-0.4,1-1V10C21,9.4,20.6,9,20,9z\"\/>\r\n\t<path d=\"M24,6c-0.6,0-1,0.4-1,1v18c0,0.6,0.4,1,1,1s1-0.4,1-1V7C25,6.4,24.6,6,24,6z\"\/>\r\n\t<path d=\"M28,13c-0.6,0-1,0.4-1,1v4c0,0.6,0.4,1,1,1s1-0.4,1-1v-4C29,13.4,28.6,13,28,13z\"\/>\r\n<\/g>\r\n<\/svg>\r\n\t\t\t\t\t<\/div>\n\t\t\t\t<\/div>\n\t\t\t<\/div>\n\t\t\t\t<div class=\"icon-box-text last-reset\">\n\t\t\t\t\t\t\t\t\t\n\n\t<div id=\"gap-916884644\" class=\"gap-element clearfix\" style=\"display:block; height:auto;\">\n\t\t\n<style>\n#gap-916884644 {\n  padding-top: 5px;\n}\n<\/style>\n\t<\/div>\n\t\n\n\t<div id=\"text-3494087258\" class=\"text uppercase\">\n\t\t\n\nANTES DO LAN\u00c7AMENTOO LAN\u00c7AMENTO OFICIAL\n\t\t\n<style>\n#text-3494087258 {\n  font-size: 0.75rem;\n}\n<\/style>\n\t<\/div>\n\t\n\n\t\t<\/div>\n\t<\/div>\n\t\n\t\n\n\t\t<div class=\"icon-box featured-box icon-box-left text-left\"  style=\"margin:0px 0px 27px 0px;\">\n\t\t\t\t\t<div class=\"icon-box-img has-icon-bg\" style=\"width: 37px\">\n\t\t\t\t<div class=\"icon\">\n\t\t\t\t\t<div class=\"icon-inner\" style=\"border-width:1px;color:rgb(255, 255, 255);\">\n\t\t\t\t\t\t<?xml version=\"1.0\" encoding=\"iso-8859-1\"?>\r\n<!-- Generator: Adobe Illustrator 21.1.0, SVG Export Plug-In . SVG Version: 6.00 Build 0)  -->\r\n<svg version=\"1.1\" id=\"Layer_1\" xmlns=\"http:\/\/www.w3.org\/2000\/svg\" xmlns:xlink=\"http:\/\/www.w3.org\/1999\/xlink\" x=\"0px\" y=\"0px\"\r\n\t viewbox=\"0 0 100.353 100.352\" style=\"enable-background:new 0 0 100.353 100.352;\" xml:space=\"preserve\">\r\n<g>\r\n\t<path d=\"M87.742,21.408H13.69c-2.879,0-5.221,2.095-5.221,4.67V71.53c0,2.575,2.342,4.671,5.221,4.671h74.052\t\tc2.879,0,5.221-2.096,5.221-4.671V26.078C92.963,23.503,90.621,21.408,87.742,21.408z M89.963,71.53\t\tc0,0.905-1.017,1.671-2.221,1.671H13.69c-1.204,0-2.221-0.766-2.221-1.671V26.078c0-0.905,1.017-1.67,2.221-1.67h74.052\t\tc1.204,0,2.221,0.765,2.221,1.67V71.53z\"\/>\r\n\t<path d=\"M50.715,28.782c-11.04,0-20.022,8.982-20.022,20.022s8.982,20.022,20.022,20.022s20.022-8.982,20.022-20.022\t\tS61.755,28.782,50.715,28.782z M50.715,65.826c-9.386,0-17.022-7.637-17.022-17.022s7.636-17.022,17.022-17.022\t\ts17.022,7.636,17.022,17.022S60.101,65.826,50.715,65.826z\"\/>\r\n\t<path d=\"M59.572,47.535l-11.762-7.409c-0.461-0.292-1.046-0.309-1.524-0.044c-0.479,0.264-0.775,0.767-0.775,1.313v14.818\t\tc0,0.546,0.297,1.049,0.775,1.313c0.226,0.125,0.475,0.187,0.725,0.187c0.278,0,0.556-0.077,0.799-0.23l11.762-7.41\t\tc0.436-0.274,0.7-0.754,0.7-1.269S60.008,47.809,59.572,47.535z M48.511,53.495v-9.383l7.447,4.691L48.511,53.495z\"\/>\r\n<\/g>\r\n<\/svg>\r\n\t\t\t\t\t<\/div>\n\t\t\t\t<\/div>\n\t\t\t<\/div>\n\t\t\t\t<div class=\"icon-box-text last-reset\">\n\t\t\t\t\t\t\t\t\t\n\n\t<div id=\"gap-18645319\" class=\"gap-element clearfix\" style=\"display:block; height:auto;\">\n\t\t\n<style>\n#gap-18645319 {\n  padding-top: 5px;\n}\n<\/style>\n\t<\/div>\n\t\n\n\t<div id=\"text-3496522669\" class=\"text uppercase\">\n\t\t\n\nUMA VEZ POR M\u00caS FA\u00c7A V\u00cdDEO CHAMADA EM GRUPO ATRAV\u00c9S DO ZOOM COMIGO!\n\t\t\n<style>\n#text-3496522669 {\n  font-size: 0.75rem;\n}\n<\/style>\n\t<\/div>\n\t\n\n\t\t<\/div>\n\t<\/div>\n\t\n\t\n\n\t\t<div class=\"icon-box featured-box icon-box-left text-left\"  style=\"margin:0px 0px 27px 0px;\">\n\t\t\t\t\t<div class=\"icon-box-img has-icon-bg\" style=\"width: 37px\">\n\t\t\t\t<div class=\"icon\">\n\t\t\t\t\t<div class=\"icon-inner\" style=\"border-width:1px;color:rgb(255, 255, 255);\">\n\t\t\t\t\t\t<?xml version=\"1.0\" encoding=\"utf-8\"?><!-- Uploaded to: SVG Repo, www.svgrepo.com, Generator: SVG Repo Mixer Tools -->\r\n<svg width=\"800px\" height=\"800px\" viewbox=\"0 0 48 48\" id=\"Layer_2\" data-name=\"Layer 2\" xmlns=\"http:\/\/www.w3.org\/2000\/svg\"><defs><style>.cls-1{fill:none;stroke:#000000;stroke-linecap:round;stroke-linejoin:round;}<\/style><\/defs><path class=\"cls-1\" d=\"M35.38,10.46a2.19,2.19,0,1,0,2.16,2.22v-.06A2.18,2.18,0,0,0,35.38,10.46Z\"\/><path class=\"cls-1\" d=\"M40.55,5.5H7.45a2,2,0,0,0-1.95,2v33.1a2,2,0,0,0,2,2h33.1a2,2,0,0,0,2-2V7.45A2,2,0,0,0,40.55,5.5Z\"\/><path class=\"cls-1\" d=\"M24,15.72A8.28,8.28,0,1,0,32.28,24h0A8.28,8.28,0,0,0,24,15.72Z\"\/><\/svg>\t\t\t\t\t<\/div>\n\t\t\t\t<\/div>\n\t\t\t<\/div>\n\t\t\t\t<div class=\"icon-box-text last-reset\">\n\t\t\t\t\t\t\t\t\t\n\n\t<div id=\"gap-1541390821\" class=\"gap-element clearfix\" style=\"display:block; height:auto;\">\n\t\t\n<style>\n#gap-1541390821 {\n  padding-top: 5px;\n}\n<\/style>\n\t<\/div>\n\t\n\n\t<div id=\"text-2329038174\" class=\"text uppercase\">\n\t\t\n\nSera adicionado(a) aos \u201cClose Friends no Instagram.\n\t\t\n<style>\n#text-2329038174 {\n  font-size: 0.75rem;\n}\n<\/style>\n\t<\/div>\n\t\n\n\t\t<\/div>\n\t<\/div>\n\t\n\t\n\n\t\t<\/div>\n\t\t\t\t\n<style>\n#col-95779314 > .col-inner {\n  padding: 20px 20px 20px 20px;\n}\n<\/style>\n\t<\/div>\n\n\t\n\n<\/div>\n<div class=\"row\"  id=\"row-1931205589\">\n\n\n\t<div id=\"col-1305237677\" class=\"col small-12 large-12\"  >\n\t\t\t\t<div class=\"col-inner text-center\"  >\n\t\t\t\n\t\t\t\n\n\t<div id=\"gap-687894752\" class=\"gap-element clearfix\" style=\"display:block; height:auto;\">\n\t\t\n<style>\n#gap-687894752 {\n  padding-top: 64px;\n}\n<\/style>\n\t<\/div>\n\t\n\n<div class=\"container section-title-container\" ><h1 class=\"section-title section-title-bold-center\"><b aria-hidden=\"true\"><\/b><span class=\"section-title-main\" style=\"color:rgb(255, 255, 255);\">JUNTE-SE AO ANGEL B PARA ACESSAR CONTE\u00daDO IN\u00c9DITO<\/span><b aria-hidden=\"true\"><\/b><\/h1><\/div>\n\n<a href=\"https:\/\/angelbofficial.com\/pt\/checkout\/?add-to-cart=4330\" class=\"button primary\" >\n\t\t<span>tenha acesso total<\/span>\n\t<i class=\"icon-play\" aria-hidden=\"true\"><\/i><\/a>\n\n\n\n\t\t<\/div>\n\t\t\t\t\t<\/div>\n\n\t\n\n<\/div>\n\t<div id=\"text-3094288457\" class=\"text\">\n\t\t\n\nor\n\t\t\n<style>\n#text-3094288457 {\n  text-align: center;\n}\n<\/style>\n\t<\/div>\n\t\n<div class=\"row align-center\"  id=\"row-1296315896\">\n\n\n\t<div id=\"col-555409400\" class=\"col small-12 large-12\"  >\n\t\t\t\t<div class=\"col-inner text-center\"  >\n\t\t\t\n\t\t\t\n\n<a href=\"\/pt\/my-account\/\" target=\"_blank\" class=\"button primary\" rel=\"noopener\" style=\"padding:0px 61px 0px 61px;\">\n\t\t<span>login<\/span>\n\t<i class=\"icon-play\" aria-hidden=\"true\"><\/i><\/a>\n\n\n\n\t\t<\/div>\n\t\t\t\t\n<style>\n#col-555409400 > .col-inner {\n  padding: 31px 0px 0px 0px;\n}\n<\/style>\n\t<\/div>\n\n\t\n\n<\/div>\n\n\t\t<\/div>\n\n\t\t\n<style>\n#section_832341638 {\n  padding-top: 30px;\n  padding-bottom: 30px;\n  min-height: 600px;\n}\n<\/style>\n\t<\/section>\n\t\n\t<div id=\"gap-1850786441\" class=\"gap-element clearfix\" style=\"display:block; height:auto;\">\n\t\t\n<style>\n#gap-1850786441 {\n  padding-top: 25px;\n}\n<\/style>\n\t<\/div>","protected":false},"excerpt":{"rendered":"","protected":false},"author":1,"featured_media":0,"parent":0,"menu_order":0,"comment_status":"closed","ping_status":"closed","template":"page-blank.php","meta":{"footnotes":""},"class_list":["post-3558","page","type-page","status-publish","hentry"],"_links":{"self":[{"href":"https:\/\/angelbofficial.com\/pt\/wp-json\/wp\/v2\/pages\/3558","targetHints":{"allow":["GET"]}}],"collection":[{"href":"https:\/\/angelbofficial.com\/pt\/wp-json\/wp\/v2\/pages"}],"about":[{"href":"https:\/\/angelbofficial.com\/pt\/wp-json\/wp\/v2\/types\/page"}],"author":[{"embeddable":true,"href":"https:\/\/angelbofficial.com\/pt\/wp-json\/wp\/v2\/users\/1"}],"replies":[{"embeddable":true,"href":"https:\/\/angelbofficial.com\/pt\/wp-json\/wp\/v2\/comments?post=3558"}],"version-history":[{"count":2,"href":"https:\/\/angelbofficial.com\/pt\/wp-json\/wp\/v2\/pages\/3558\/revisions"}],"predecessor-version":[{"id":4433,"href":"https:\/\/angelbofficial.com\/pt\/wp-json\/wp\/v2\/pages\/3558\/revisions\/4433"}],"wp:attachment":[{"href":"https:\/\/angelbofficial.com\/pt\/wp-json\/wp\/v2\/media?parent=3558"}],"curies":[{"name":"wp","href":"https:\/\/api.w.org\/{rel}","templated":true}]}}