{"id":2959,"date":"2020-10-24T17:04:26","date_gmt":"2020-10-24T17:04:26","guid":{"rendered":"http:\/\/angelb.mktprime.com\/?page_id=2959"},"modified":"2025-08-20T19:39:15","modified_gmt":"2025-08-20T22:39:15","slug":"bio","status":"publish","type":"page","link":"https:\/\/angelbofficial.com\/pt\/bio\/","title":{"rendered":"BIOGRAFIA"},"content":{"rendered":"<section class=\"section sec_shadow primary-color\" id=\"section_678186034\">\n\t\t<div class=\"section-bg fill\" >\n\t\t\t\t\t\t\t\t\t\n\t\t\t\n\n\t\t<\/div>\n\n\t\t\n\n\t\t<div class=\"section-content relative\">\n\t\t\t\n<div class=\"row align-bottom align-right\"  id=\"row-812308154\">\n\n\t<div id=\"col-761633369\" class=\"col medium-5 small-12 large-5\"  >\n\t\t\t\t<div class=\"col-inner\"  >\n\t\t\t\n\t\t\t\n\t<div class=\"img has-hover x md-x lg-x y md-y lg-y\" id=\"image_22999747\">\n\t\t\t\t\t\t\t\t<div class=\"img-inner dark\" >\n\t\t\t<img loading=\"lazy\" decoding=\"async\" width=\"698\" height=\"1024\" src=\"https:\/\/angelbofficial.com\/wp-content\/uploads\/2025\/08\/99195b5b-bb14-467d-9056-367f83df5050-698x1024.png\" class=\"attachment-large size-large\" alt=\"Angel B | Brazilian Artist\" srcset=\"https:\/\/angelbofficial.com\/wp-content\/uploads\/2025\/08\/99195b5b-bb14-467d-9056-367f83df5050-698x1024.png 698w, https:\/\/angelbofficial.com\/wp-content\/uploads\/2025\/08\/99195b5b-bb14-467d-9056-367f83df5050-204x300.png 204w, https:\/\/angelbofficial.com\/wp-content\/uploads\/2025\/08\/99195b5b-bb14-467d-9056-367f83df5050-768x1127.png 768w, https:\/\/angelbofficial.com\/wp-content\/uploads\/2025\/08\/99195b5b-bb14-467d-9056-367f83df5050-1047x1536.png 1047w, https:\/\/angelbofficial.com\/wp-content\/uploads\/2025\/08\/99195b5b-bb14-467d-9056-367f83df5050-8x12.png 8w, https:\/\/angelbofficial.com\/wp-content\/uploads\/2025\/08\/99195b5b-bb14-467d-9056-367f83df5050-510x748.png 510w, https:\/\/angelbofficial.com\/wp-content\/uploads\/2025\/08\/99195b5b-bb14-467d-9056-367f83df5050.png 1396w\" sizes=\"auto, (max-width: 698px) 100vw, 698px\" title=\"Angel B | Brazilian Artist\">\t\t\t\t\t\t\n\t\t\t\t\t<\/div>\n\t\t\t\t\t\t\t\t\n<style>\n#image_22999747 {\n  width: 100%;\n}\n<\/style>\n\t<\/div>\n\t\n\t\t<\/div>\n\t\t\t\t\n<style>\n#col-761633369 > .col-inner {\n  margin: 0px 0px -30px 0px;\n}\n<\/style>\n\t<\/div>\n\n\t\n\n\t<div id=\"col-356991183\" class=\"col medium-7 small-12 large-7 small-col-first\"  >\n\t\t\t\t<div class=\"col-inner dark\"  >\n\t\t\t\n\t\t\t\n<p><em>Angel B \u00e9 uma estrela brasileira em ascens\u00e3o, dona de m\u00faltiplos talentos, com uma voz doce e sensual e forte atitude. Suas ra\u00edzes brasileiras influenciaram seu amor por bateria e ritmos, enquanto seu amor e respeito pela cultura negra influenciaram e inspiraram todos os aspectos de sua arte, sua m\u00fasica, dan\u00e7a e fashion.<\/em><\/p>\n<p><em>With unwavering passion, relentless work ethic, and unyielding determination, Angel B has become a prominent figure in the entertainment industry. Her first music video \u201cMoney\u201d Premiered on MTV Brazil. In the USA Angel has performed at amazing venues like El Rey Theatre opening for the R&amp;B Singer \u201cMya\u201d, Microsoft Theater, opening for TLC, Donell Jones and Keith Swift, The Mint LA, OHM Club, Avalon Club and <\/em><em>have worked\u00a0 with Grammy nominee&#8217;s producers as DSTRK (Chris Brown), Marley Waters (Tinashe), Doug Fenske &amp; Chaz Jackson.<\/em><\/p>\n<p>Angel B has collaborated with Snoop Dogg, Kanye West, Wiz Khalifa, Cee-lo Green, Pharrell Williams, Janell Monae, Ne-yo, Kendrick Lamar , Becky G, Yandell, Chromeo, Ivete Sangalo, Wanessa and Negra Li. Starred in the movie \u201cYou Got Served Beat The World\u201d and Hulu Series \u201cEast Los High\u201d, and plenty of TV Commercials.<\/p>\n<p>Graduated from 1500 Sound Academy, class of 2021 and attended Los Angeles Valley College for Music Major, has taken her musical talent to another level.<\/p>\n<p><em>\u00a0<\/em><\/p>\n\t\t<\/div>\n\t\t\t\t\n<style>\n#col-356991183 > .col-inner {\n  padding: 30px 0px 30px 0px;\n}\n<\/style>\n\t<\/div>\n\n\t\n<\/div>\n\t\t<\/div>\n\n\t\t\n<style>\n#section_678186034 {\n  padding-top: 0px;\n  padding-bottom: 0px;\n  min-height: 587px;\n}\n<\/style>\n\t<\/section>\n\t\n\n\t<section class=\"section\" id=\"section_1112587158\">\n\t\t<div class=\"section-bg fill\" >\n\t\t\t\t\t\t\t\t\t\n\t\t\t\n\n\t\t<\/div>\n\n\t\t\n\n\t\t<div class=\"section-content relative\">\n\t\t\t\n<div class=\"row\"  id=\"row-1267825253\">\n\n\t<div id=\"col-2031116604\" class=\"col small-12 large-12\"  >\n\t\t\t\t<div class=\"col-inner\"  >\n\t\t\t\n\t\t\t\n<p>Angel has worked for the biggest artists in Brazil, until the year of 2011, including Ivete Sangalo, Wanessa Camargo, Negra Li, Cabal, Quelynah, Rodriguinho and more. Working closely with these artists has given her a chance to learn, grow as an artist and meet the best music producers and DJs within the country. Joe Black is one of the producers that believed in Angel\u2019s talent and started to produce great music for her. The 1<sup>st\u00a0<\/sup>solo\u00a0single was\u00a0<strong>THE TAKEBACK<\/strong>\u00a0and the following single was\u00a0<strong>SOUL DEEP,<\/strong>\u00a0which was featured on the\u00a0<em>Urban Soul Connection Copilation<\/em>\u00a0in London in 2007.<\/p>\n<p class=\"translation-block\">Em 2009 Angel foi convidada para coreografar e estrelar no filme de produ\u00e7\u00e3o Norte Americana, YOU GOT SERVED BEAT THE WORLD.<\/p>\n<p class=\"translation-block\">Em Janeiro de 2011 seu novo single MONEY escrito por ela e produzido por Victor Reis conhecido como PLG e Joeblack foi um sucesso ficando em destaque durante algumas semanas no website pop lastfm e o lan\u00e7amento de seu videoclipe foi na MTV BRASIL. Em Agosto de 2011 Angel B se mudou para Los Angeles para come\u00e7ar uma nova jornada.<\/p>\n<p>Living in LA, signed with <strong>BLOC agency<\/strong>, Angel had the opportunity to work with icons in the music industry such as Kanye West, Snoop Dogg, Pharrell Williams, Janelle Monae, Kendrick Lamar, Cee-lo Green,\u00a0Chromeo,\u00a0Becky G and more. Starred on Hulu Exclusive Series\u00a0<strong>EAST LOS HIGH<\/strong> as one of the Bomb Squad Characters, and Tv Commercials for McDonalds, XL Energy Drink, Ubisoft, Head Sportwear, Teleton.<\/p>\n<p>On March 20<sup>th<\/sup>, 2015 Angel B released on every digital store and streaming platform her single, <strong>I GOTCHU<\/strong>\u00a0,produced by Mike Barkulis, the\u00a0music video\u00a0premier was\u00a0on Vevo Channel and Multishow TV Channel in Brazil.\u00a0In the same year the Club Hit\u00a0<strong>AINT SEEN NOTHING YET<\/strong>\u00a0feat\u00a0<em>Marley Waters<\/em> Premier was on Vevo. The Single was playing on several \u00a0independent radio stations in Brazil, United States, France and Germany.<\/p>\n<p>Since then Angel B has been constantly releasing amazing music to the public, growing her catalog and audience.\u00a0<\/p>\n<p>In 2024 the EP &#8220;R..I.O.T.&#8221; (Resilient, Iconic, Outstanding, Timeless) was released and had a great response from the listeners, having a few of the tracks added to Spotify editorial playlists.<\/p>\n<p class=\"p1\">Currently, Angel B finds herself immersed in the promotion of her highly anticipated first EP. Each track invites fans on an intimate journey, showcasing her growth from a young dreamer to an empowered, purposeful woman. This EP stands as a testament to her unwavering dedication and artistry, highlighting her unique voice and musical prowess.<\/p>\n\t\t<\/div>\n\t\t\t\t\t<\/div>\n\n\t\n<\/div>\n\t\t<\/div>\n\n\t\t\n<style>\n#section_1112587158 {\n  padding-top: 30px;\n  padding-bottom: 30px;\n}\n<\/style>\n\t<\/section>","protected":false},"excerpt":{"rendered":"","protected":false},"author":1,"featured_media":0,"parent":0,"menu_order":0,"comment_status":"closed","ping_status":"closed","template":"page-blank.php","meta":{"footnotes":""},"class_list":["post-2959","page","type-page","status-publish","hentry"],"_links":{"self":[{"href":"https:\/\/angelbofficial.com\/pt\/wp-json\/wp\/v2\/pages\/2959","targetHints":{"allow":["GET"]}}],"collection":[{"href":"https:\/\/angelbofficial.com\/pt\/wp-json\/wp\/v2\/pages"}],"about":[{"href":"https:\/\/angelbofficial.com\/pt\/wp-json\/wp\/v2\/types\/page"}],"author":[{"embeddable":true,"href":"https:\/\/angelbofficial.com\/pt\/wp-json\/wp\/v2\/users\/1"}],"replies":[{"embeddable":true,"href":"https:\/\/angelbofficial.com\/pt\/wp-json\/wp\/v2\/comments?post=2959"}],"version-history":[{"count":2,"href":"https:\/\/angelbofficial.com\/pt\/wp-json\/wp\/v2\/pages\/2959\/revisions"}],"predecessor-version":[{"id":4608,"href":"https:\/\/angelbofficial.com\/pt\/wp-json\/wp\/v2\/pages\/2959\/revisions\/4608"}],"wp:attachment":[{"href":"https:\/\/angelbofficial.com\/pt\/wp-json\/wp\/v2\/media?parent=2959"}],"curies":[{"name":"wp","href":"https:\/\/api.w.org\/{rel}","templated":true}]}}